{"id":9554,"date":"2022-12-06T09:53:35","date_gmt":"2022-12-06T08:53:35","guid":{"rendered":"http:\/\/preprod.blueseeds.org\/?page_id=9554"},"modified":"2022-12-06T09:54:45","modified_gmt":"2022-12-06T08:54:45","slug":"mentions-legales","status":"publish","type":"page","link":"https:\/\/blueseeds.org\/fr\/mentions-legales\/","title":{"rendered":"Mentions l\u00e9gales"},"content":{"rendered":"\t\t<div data-elementor-type=\"wp-page\" data-elementor-id=\"9554\" class=\"elementor elementor-9554\" data-elementor-post-type=\"page\">\n\t\t\t\t\t\t<section class=\"elementor-section elementor-top-section elementor-element elementor-element-b514606 elementor-section-boxed elementor-section-height-default elementor-section-height-default\" data-id=\"b514606\" data-element_type=\"section\" data-e-type=\"section\">\n\t\t\t\t\t\t<div class=\"elementor-container elementor-column-gap-default\">\n\t\t\t\t\t<div class=\"elementor-column elementor-col-100 elementor-top-column elementor-element elementor-element-6971d6d\" data-id=\"6971d6d\" data-element_type=\"column\" data-e-type=\"column\">\n\t\t\t<div class=\"elementor-widget-wrap elementor-element-populated\">\n\t\t\t\t\t\t<div class=\"elementor-element elementor-element-e9836f9 elementor-widget elementor-widget-text-editor\" data-id=\"e9836f9\" data-element_type=\"widget\" data-e-type=\"widget\" data-widget_type=\"text-editor.default\">\n\t\t\t\t<div class=\"elementor-widget-container\">\n\t\t\t\t\t\t\t\t\t<p style=\"text-align: center;\">En vigueur au 09\/07\/2020<\/p>\nConform\u00e9ment aux dispositions des Articles 6-III et 19 de la Loi n\u00b02004-575 du 21 juin 2004 pour la Confiance dans l\u2019\u00e9conomie num\u00e9rique, dite L.C.E.N., il est port\u00e9 \u00e0 la connaissance des Utilisateurs du site blueseeds.org les pr\u00e9sentes mentions l\u00e9gales.\n\nLa connexion et la navigation sur le site (indiquer le nom du site) par l\u2019Utilisateur implique acceptation int\u00e9grale et sans r\u00e9serve des pr\u00e9sentes mentions l\u00e9gales.\n\nCes derni\u00e8res sont accessibles sur le site \u00e0 la rubrique \u00ab Mentions l\u00e9gales \u00bb.\n<h2>ARTICLE 1 : L\u2019\u00c9DITEUR<\/h2>\nL&#8217;\u00e9dition du site blueseeds.org est assur\u00e9e par la Soci\u00e9t\u00e9 SAS BLUESEEDS au capital de 10 000,00 \u20ac euros, immatricul\u00e9e au RCS de RCS Bordeaux sous le num\u00e9ro 884350547 dont le si\u00e8ge social est situ\u00e9 au 87 Quai DE QUEYRIES 33100 BORDEAUX.\n\nN\u00b0 de TVA intracommunautaire : FR94884350547\nLe Directeur de la publication est Binet Thomas\n<h2>ARTICLE 2 : L\u2019H\u00c9BERGEUR<\/h2>\nL&#8217;h\u00e9bergeur du site blueseeds.org est la Soci\u00e9t\u00e9 OVH, dont le si\u00e8ge social est situ\u00e9 au 2 rue Kellermann Roubaix France.\n<h2>ARTICLE 3 : ACC\u00c8S AU SITE<\/h2>\nLe site est accessible par tout endroit, 7j\/7, 24h\/24 sauf cas de force majeure, interruption programm\u00e9e ou non et pouvant d\u00e9coulant d\u2019une n\u00e9cessit\u00e9 de maintenance.\nEn cas de modification, interruption ou suspension des services le site blueseeds.org ne saurait \u00eatre tenu responsable.\n<h2>ARTICLE 4 : DONN\u00c9ES \u00c0 CARACT\u00c8RE PERSONNEL<\/h2>\nLes donn\u00e9es \u00e0 caract\u00e8re personnel de l\u2019utilisateur recueillies par BlueSeeds par le biais dans son site internet sont trait\u00e9es afin de fournir les services auxquels l\u2019utilisateur a souscrit. Pour plus d\u2019informations sur la gestion des donn\u00e9es \u00e0 caract\u00e8re personnel et des droits de l\u2019utilisateur,<a href=\"httpss:\/\/blueseeds.org\/wp-content\/uploads\/2021\/02\/Blueseeds_notice_donne\u0301es_perso_11022021.pdf\"> <u>cliquez ici<\/u><\/a>.\n<h2>ARTICLE 5 : COOKIES<\/h2>\nL\u2019Utilisateur est inform\u00e9 que lors de ses visites sur le site, un cookie peut s\u2019installer automatiquement sur son logiciel de navigation.\nEn naviguant sur le site, il les accepte.\n\nUn cookie est un \u00e9l\u00e9ment qui ne permet pas d\u2019identifier l\u2019Utilisateur mais sert \u00e0 enregistrer des informations relatives \u00e0 la navigation de celui-ci sur le site Internet. L\u2019Utilisateur pourra d\u00e9sactiver ce cookie par l\u2019interm\u00e9diaire des param\u00e8tres figurant au sein de son logiciel de navigation.\n<h2>ARTICLE 6 : PROPRI\u00c9T\u00c9 INTELLECTUELLE<\/h2>\nToute utilisation, reproduction, diffusion, commercialisation, modification de toute ou partie du siteblueseeds.org, sans autorisation de l\u2019Editeur est prohib\u00e9e et pourra entra\u00een\u00e9e des actions et poursuites judiciaires telles que notamment pr\u00e9vues par le Code de la propri\u00e9t\u00e9 intellectuelle et le Code civil.\t\t\t\t\t\t\t\t<\/div>\n\t\t\t\t<\/div>\n\t\t\t\t\t<\/div>\n\t\t<\/div>\n\t\t\t\t\t<\/div>\n\t\t<\/section>\n\t\t\t\t<\/div>\n\t\t","protected":false},"excerpt":{"rendered":"<p>En vigueur au 09\/07\/2020 Conform\u00e9ment aux dispositions des Articles 6-III et 19 de la Loi n\u00b02004-575 du 21 juin 2004 pour la Confiance dans l\u2019\u00e9conomie num\u00e9rique, dite L.C.E.N., il est port\u00e9 \u00e0 la connaissance des Utilisateurs du site blueseeds.org les pr\u00e9sentes mentions l\u00e9gales. La connexion et la navigation sur le site (indiquer le nom du site) par l\u2019Utilisateur implique acceptation int\u00e9grale et sans r\u00e9serve des pr\u00e9sentes mentions l\u00e9gales. Ces derni\u00e8res sont accessibles sur le site \u00e0 la rubrique \u00ab Mentions [&hellip;]<\/p>\n","protected":false},"author":1,"featured_media":0,"parent":0,"menu_order":0,"comment_status":"closed","ping_status":"closed","template":"","meta":{"_acf_changed":false,"inline_featured_image":false,"footnotes":""},"class_list":["post-9554","page","type-page","status-publish","hentry"],"acf":[],"yoast_head":"<!-- This site is optimized with the Yoast SEO plugin v27.4 - https:\/\/yoast.com\/product\/yoast-seo-wordpress\/ -->\n<title>Mentions l\u00e9gales - BlueSeeds<\/title>\n<meta name=\"robots\" content=\"index, follow, max-snippet:-1, max-image-preview:large, max-video-preview:-1\" \/>\n<link rel=\"canonical\" href=\"https:\/\/blueseeds.org\/fr\/mentions-legales\/\" \/>\n<meta property=\"og:locale\" content=\"fr_FR\" \/>\n<meta property=\"og:type\" content=\"article\" \/>\n<meta property=\"og:title\" content=\"Mentions l\u00e9gales - BlueSeeds\" \/>\n<meta property=\"og:description\" content=\"En vigueur au 09\/07\/2020 Conform\u00e9ment aux dispositions des Articles 6-III et 19 de la Loi n\u00b02004-575 du 21 juin 2004 pour la Confiance dans l\u2019\u00e9conomie num\u00e9rique, dite L.C.E.N., il est port\u00e9 \u00e0 la connaissance des Utilisateurs du site blueseeds.org les pr\u00e9sentes mentions l\u00e9gales. La connexion et la navigation sur le site (indiquer le nom du site) par l\u2019Utilisateur implique acceptation int\u00e9grale et sans r\u00e9serve des pr\u00e9sentes mentions l\u00e9gales. Ces derni\u00e8res sont accessibles sur le site \u00e0 la rubrique \u00ab Mentions [&hellip;]\" \/>\n<meta property=\"og:url\" content=\"https:\/\/blueseeds.org\/fr\/mentions-legales\/\" \/>\n<meta property=\"og:site_name\" content=\"BlueSeeds\" \/>\n<meta property=\"article:modified_time\" content=\"2022-12-06T08:54:45+00:00\" \/>\n<meta name=\"twitter:card\" content=\"summary_large_image\" \/>\n<meta name=\"twitter:label1\" content=\"Dur\u00e9e de lecture estim\u00e9e\" \/>\n\t<meta name=\"twitter:data1\" content=\"2 minutes\" \/>\n<script type=\"application\/ld+json\" class=\"yoast-schema-graph\">{\"@context\":\"https:\\\/\\\/schema.org\",\"@graph\":[{\"@type\":\"WebPage\",\"@id\":\"https:\\\/\\\/blueseeds.org\\\/fr\\\/mentions-legales\\\/\",\"url\":\"https:\\\/\\\/blueseeds.org\\\/fr\\\/mentions-legales\\\/\",\"name\":\"Mentions l\u00e9gales - BlueSeeds\",\"isPartOf\":{\"@id\":\"https:\\\/\\\/blueseeds.org\\\/fr\\\/#website\"},\"datePublished\":\"2022-12-06T08:53:35+00:00\",\"dateModified\":\"2022-12-06T08:54:45+00:00\",\"breadcrumb\":{\"@id\":\"https:\\\/\\\/blueseeds.org\\\/fr\\\/mentions-legales\\\/#breadcrumb\"},\"inLanguage\":\"fr-FR\",\"potentialAction\":[{\"@type\":\"ReadAction\",\"target\":[\"https:\\\/\\\/blueseeds.org\\\/fr\\\/mentions-legales\\\/\"]}]},{\"@type\":\"BreadcrumbList\",\"@id\":\"https:\\\/\\\/blueseeds.org\\\/fr\\\/mentions-legales\\\/#breadcrumb\",\"itemListElement\":[{\"@type\":\"ListItem\",\"position\":1,\"name\":\"Home\",\"item\":\"https:\\\/\\\/blueseeds.org\\\/fr\\\/\"},{\"@type\":\"ListItem\",\"position\":2,\"name\":\"Mentions l\u00e9gales\"}]},{\"@type\":\"WebSite\",\"@id\":\"https:\\\/\\\/blueseeds.org\\\/fr\\\/#website\",\"url\":\"https:\\\/\\\/blueseeds.org\\\/fr\\\/\",\"name\":\"BlueSeeds\",\"description\":\"Financement et efficacit\u00e9 de la conservation\",\"publisher\":{\"@id\":\"https:\\\/\\\/blueseeds.org\\\/fr\\\/#organization\"},\"potentialAction\":[{\"@type\":\"SearchAction\",\"target\":{\"@type\":\"EntryPoint\",\"urlTemplate\":\"https:\\\/\\\/blueseeds.org\\\/fr\\\/?s={search_term_string}\"},\"query-input\":{\"@type\":\"PropertyValueSpecification\",\"valueRequired\":true,\"valueName\":\"search_term_string\"}}],\"inLanguage\":\"fr-FR\"},{\"@type\":\"Organization\",\"@id\":\"https:\\\/\\\/blueseeds.org\\\/fr\\\/#organization\",\"name\":\"BlueSeeds\",\"url\":\"https:\\\/\\\/blueseeds.org\\\/fr\\\/\",\"logo\":{\"@type\":\"ImageObject\",\"inLanguage\":\"fr-FR\",\"@id\":\"https:\\\/\\\/blueseeds.org\\\/fr\\\/#\\\/schema\\\/logo\\\/image\\\/\",\"url\":\"https:\\\/\\\/blueseeds.org\\\/wp-content\\\/uploads\\\/2023\\\/05\\\/gulf-of-saint-tropez-1.jpg\",\"contentUrl\":\"https:\\\/\\\/blueseeds.org\\\/wp-content\\\/uploads\\\/2023\\\/05\\\/gulf-of-saint-tropez-1.jpg\",\"width\":1920,\"height\":1080,\"caption\":\"BlueSeeds\"},\"image\":{\"@id\":\"https:\\\/\\\/blueseeds.org\\\/fr\\\/#\\\/schema\\\/logo\\\/image\\\/\"}}]}<\/script>\n<!-- \/ Yoast SEO plugin. -->","yoast_head_json":{"title":"Mentions l\u00e9gales - BlueSeeds","robots":{"index":"index","follow":"follow","max-snippet":"max-snippet:-1","max-image-preview":"max-image-preview:large","max-video-preview":"max-video-preview:-1"},"canonical":"https:\/\/blueseeds.org\/fr\/mentions-legales\/","og_locale":"fr_FR","og_type":"article","og_title":"Mentions l\u00e9gales - BlueSeeds","og_description":"En vigueur au 09\/07\/2020 Conform\u00e9ment aux dispositions des Articles 6-III et 19 de la Loi n\u00b02004-575 du 21 juin 2004 pour la Confiance dans l\u2019\u00e9conomie num\u00e9rique, dite L.C.E.N., il est port\u00e9 \u00e0 la connaissance des Utilisateurs du site blueseeds.org les pr\u00e9sentes mentions l\u00e9gales. La connexion et la navigation sur le site (indiquer le nom du site) par l\u2019Utilisateur implique acceptation int\u00e9grale et sans r\u00e9serve des pr\u00e9sentes mentions l\u00e9gales. Ces derni\u00e8res sont accessibles sur le site \u00e0 la rubrique \u00ab Mentions [&hellip;]","og_url":"https:\/\/blueseeds.org\/fr\/mentions-legales\/","og_site_name":"BlueSeeds","article_modified_time":"2022-12-06T08:54:45+00:00","twitter_card":"summary_large_image","twitter_misc":{"Dur\u00e9e de lecture estim\u00e9e":"2 minutes"},"schema":{"@context":"https:\/\/schema.org","@graph":[{"@type":"WebPage","@id":"https:\/\/blueseeds.org\/fr\/mentions-legales\/","url":"https:\/\/blueseeds.org\/fr\/mentions-legales\/","name":"Mentions l\u00e9gales - BlueSeeds","isPartOf":{"@id":"https:\/\/blueseeds.org\/fr\/#website"},"datePublished":"2022-12-06T08:53:35+00:00","dateModified":"2022-12-06T08:54:45+00:00","breadcrumb":{"@id":"https:\/\/blueseeds.org\/fr\/mentions-legales\/#breadcrumb"},"inLanguage":"fr-FR","potentialAction":[{"@type":"ReadAction","target":["https:\/\/blueseeds.org\/fr\/mentions-legales\/"]}]},{"@type":"BreadcrumbList","@id":"https:\/\/blueseeds.org\/fr\/mentions-legales\/#breadcrumb","itemListElement":[{"@type":"ListItem","position":1,"name":"Home","item":"https:\/\/blueseeds.org\/fr\/"},{"@type":"ListItem","position":2,"name":"Mentions l\u00e9gales"}]},{"@type":"WebSite","@id":"https:\/\/blueseeds.org\/fr\/#website","url":"https:\/\/blueseeds.org\/fr\/","name":"BlueSeeds","description":"Financement et efficacit\u00e9 de la conservation","publisher":{"@id":"https:\/\/blueseeds.org\/fr\/#organization"},"potentialAction":[{"@type":"SearchAction","target":{"@type":"EntryPoint","urlTemplate":"https:\/\/blueseeds.org\/fr\/?s={search_term_string}"},"query-input":{"@type":"PropertyValueSpecification","valueRequired":true,"valueName":"search_term_string"}}],"inLanguage":"fr-FR"},{"@type":"Organization","@id":"https:\/\/blueseeds.org\/fr\/#organization","name":"BlueSeeds","url":"https:\/\/blueseeds.org\/fr\/","logo":{"@type":"ImageObject","inLanguage":"fr-FR","@id":"https:\/\/blueseeds.org\/fr\/#\/schema\/logo\/image\/","url":"https:\/\/blueseeds.org\/wp-content\/uploads\/2023\/05\/gulf-of-saint-tropez-1.jpg","contentUrl":"https:\/\/blueseeds.org\/wp-content\/uploads\/2023\/05\/gulf-of-saint-tropez-1.jpg","width":1920,"height":1080,"caption":"BlueSeeds"},"image":{"@id":"https:\/\/blueseeds.org\/fr\/#\/schema\/logo\/image\/"}}]}},"_links":{"self":[{"href":"https:\/\/blueseeds.org\/fr\/wp-json\/wp\/v2\/pages\/9554","targetHints":{"allow":["GET"]}}],"collection":[{"href":"https:\/\/blueseeds.org\/fr\/wp-json\/wp\/v2\/pages"}],"about":[{"href":"https:\/\/blueseeds.org\/fr\/wp-json\/wp\/v2\/types\/page"}],"author":[{"embeddable":true,"href":"https:\/\/blueseeds.org\/fr\/wp-json\/wp\/v2\/users\/1"}],"replies":[{"embeddable":true,"href":"https:\/\/blueseeds.org\/fr\/wp-json\/wp\/v2\/comments?post=9554"}],"version-history":[{"count":0,"href":"https:\/\/blueseeds.org\/fr\/wp-json\/wp\/v2\/pages\/9554\/revisions"}],"wp:attachment":[{"href":"https:\/\/blueseeds.org\/fr\/wp-json\/wp\/v2\/media?parent=9554"}],"curies":[{"name":"wp","href":"https:\/\/api.w.org\/{rel}","templated":true}]}}